{"id":843,"date":"2024-04-30T11:23:16","date_gmt":"2024-04-30T11:23:16","guid":{"rendered":"https:\/\/collot-elastomeres.com\/?page_id=843"},"modified":"2025-05-21T07:34:23","modified_gmt":"2025-05-21T07:34:23","slug":"blog","status":"publish","type":"page","link":"https:\/\/collot-elastomeres.com\/en\/blog","title":{"rendered":"Blog"},"content":{"rendered":"\n[et_pb_section fb_built=\u00a0\u00bb1&Prime; fullwidth=\u00a0\u00bbon\u00a0\u00bb admin_label=\u00a0\u00bbHero Section\u00a0\u00bb _builder_version=\u00a0\u00bb4.27.4&Prime; background_color=\u00a0\u00bb#FFFFFF\u00a0\u00bb background_image=\u00a0\u00bbhttp:\/\/collot-elastomeres.com\/wp-content\/uploads\/2024\/04\/crypto_illustration_11.png\u00a0\u00bb parallax=\u00a0\u00bbon\u00a0\u00bb custom_margin=\u00a0\u00bb|||\u00a0\u00bb custom_padding=\u00a0\u00bb|||\u00a0\u00bb hover_enabled=\u00a0\u00bb0&Prime; locked=\u00a0\u00bboff\u00a0\u00bb global_colors_info=\u00a0\u00bb{}\u00a0\u00bb sticky_enabled=\u00a0\u00bb0&Prime;][et_pb_fullwidth_header title=\u00a0\u00bbBlog\u00a0\u00bb text_orientation=\u00a0\u00bbcenter\u00a0\u00bb _builder_version=\u00a0\u00bb4.27.4&Prime; title_font=\u00a0\u00bb|600|||||||\u00a0\u00bb title_text_color=\u00a0\u00bb#043357&Prime; title_font_size=\u00a0\u00bb50px\u00a0\u00bb title_line_height=\u00a0\u00bb1.5em\u00a0\u00bb content_font=\u00a0\u00bb||||||||\u00a0\u00bb content_font_size=\u00a0\u00bb18px\u00a0\u00bb content_line_height=\u00a0\u00bb2em\u00a0\u00bb background_color=\u00a0\u00bbrgba(0,0,0,0)\u00a0\u00bb background_position=\u00a0\u00bbbottom_center\u00a0\u00bb custom_button_one=\u00a0\u00bbon\u00a0\u00bb button_one_text_size=\u00a0\u00bb13px\u00a0\u00bb button_one_bg_color=\u00a0\u00bb#4328b7&Prime; button_one_border_width=\u00a0\u00bb10px\u00a0\u00bb button_one_border_color=\u00a0\u00bb#4328b7&Prime; button_one_border_radius=\u00a0\u00bb0px\u00a0\u00bb button_one_letter_spacing=\u00a0\u00bb2px\u00a0\u00bb button_one_font=\u00a0\u00bbTitillium Web|700||on|||||\u00a0\u00bb custom_button_two=\u00a0\u00bbon\u00a0\u00bb button_two_text_size=\u00a0\u00bb13px\u00a0\u00bb button_two_text_color=\u00a0\u00bb#4328b7&Prime; button_two_bg_color=\u00a0\u00bb#ffffff\u00a0\u00bb button_two_border_width=\u00a0\u00bb10px\u00a0\u00bb button_two_border_color=\u00a0\u00bb#ffffff\u00a0\u00bb button_two_border_radius=\u00a0\u00bb0px\u00a0\u00bb button_two_letter_spacing=\u00a0\u00bb2px\u00a0\u00bb button_two_font=\u00a0\u00bbTitillium Web|700||on|||||\u00a0\u00bb custom_margin=\u00a0\u00bb|||\u00a0\u00bb custom_padding=\u00a0\u00bb2vw||2vw||true|\u00a0\u00bb animation_style=\u00a0\u00bbslide\u00a0\u00bb animation_direction=\u00a0\u00bbbottom\u00a0\u00bb animation_duration=\u00a0\u00bb1500ms\u00a0\u00bb animation_intensity_slide=\u00a0\u00bb2%\u00a0\u00bb hover_enabled=\u00a0\u00bb0&Prime; title_font_size_tablet=\u00a0\u00bb40px\u00a0\u00bb title_font_size_phone=\u00a0\u00bb\u00a0\u00bb title_font_size_last_edited=\u00a0\u00bbon|phone\u00a0\u00bb content_font_size_tablet=\u00a0\u00bb\u00a0\u00bb content_font_size_phone=\u00a0\u00bb15px\u00a0\u00bb content_font_size_last_edited=\u00a0\u00bbon|phone\u00a0\u00bb button_one_letter_spacing_hover=\u00a0\u00bb2px\u00a0\u00bb button_two_letter_spacing_hover=\u00a0\u00bb2px\u00a0\u00bb global_colors_info=\u00a0\u00bb{}\u00a0\u00bb button_one_text_size__hover_enabled=\u00a0\u00bboff\u00a0\u00bb button_two_text_size__hover_enabled=\u00a0\u00bboff\u00a0\u00bb button_one_text_color__hover_enabled=\u00a0\u00bboff\u00a0\u00bb button_two_text_color__hover_enabled=\u00a0\u00bboff\u00a0\u00bb button_one_border_width__hover_enabled=\u00a0\u00bboff\u00a0\u00bb button_two_border_width__hover_enabled=\u00a0\u00bboff\u00a0\u00bb button_one_border_color__hover_enabled=\u00a0\u00bboff\u00a0\u00bb button_two_border_color__hover_enabled=\u00a0\u00bboff\u00a0\u00bb button_one_border_radius__hover_enabled=\u00a0\u00bboff\u00a0\u00bb button_two_border_radius__hover_enabled=\u00a0\u00bboff\u00a0\u00bb button_one_letter_spacing__hover_enabled=\u00a0\u00bbon\u00a0\u00bb button_one_letter_spacing__hover=\u00a0\u00bb2px\u00a0\u00bb button_two_letter_spacing__hover_enabled=\u00a0\u00bbon\u00a0\u00bb button_two_letter_spacing__hover=\u00a0\u00bb2px\u00a0\u00bb button_one_bg_color__hover_enabled=\u00a0\u00bboff\u00a0\u00bb button_two_bg_color__hover_enabled=\u00a0\u00bboff\u00a0\u00bb sticky_enabled=\u00a0\u00bb0&Prime;][\/et_pb_fullwidth_header][\/et_pb_section][et_pb_section fb_built=\u00a0\u00bb1&Prime; prev_background_color=\u00a0\u00bb#FFFFFF\u00a0\u00bb admin_label=\u00a0\u00bbBlogs\u00a0\u00bb _builder_version=\u00a0\u00bb4.27.4&Prime; background_color=\u00a0\u00bb#FFFFFF\u00a0\u00bb use_background_color_gradient=\u00a0\u00bbon\u00a0\u00bb background_color_gradient_stops=\u00a0\u00bb#043357 0%|#043357 100%\u00a0\u00bb background_color_gradient_start=\u00a0\u00bb#2B2996&Prime; background_color_gradient_end=\u00a0\u00bb#101535&Prime; custom_padding=\u00a0\u00bb0||||false|false\u00a0\u00bb top_divider_style=\u00a0\u00bbarrow2&Prime; top_divider_height=\u00a0\u00bb285px\u00a0\u00bb top_divider_flip=\u00a0\u00bbvertical\u00a0\u00bb hover_enabled=\u00a0\u00bb0&Prime; global_colors_info=\u00a0\u00bb{}\u00a0\u00bb sticky_enabled=\u00a0\u00bb0&Prime;][et_pb_row _builder_version=\u00a0\u00bb4.16&Prime; custom_padding=\u00a0\u00bb0|0px|27px|0px|false|false\u00a0\u00bb global_colors_info=\u00a0\u00bb{}\u00a0\u00bb][et_pb_column type=\u00a0\u00bb4_4&Prime; _builder_version=\u00a0\u00bb4.16&Prime; custom_padding=\u00a0\u00bb|||\u00a0\u00bb global_colors_info=\u00a0\u00bb{}\u00a0\u00bb custom_padding__hover=\u00a0\u00bb|||\u00a0\u00bb][et_pb_blog fullwidth=\u00a0\u00bboff\u00a0\u00bb posts_number=\u00a0\u00bb60&Prime; include_categories=\u00a0\u00bball\u00a0\u00bb show_more=\u00a0\u00bbon\u00a0\u00bb show_author=\u00a0\u00bboff\u00a0\u00bb show_date=\u00a0\u00bboff\u00a0\u00bb show_categories=\u00a0\u00bboff\u00a0\u00bb _builder_version=\u00a0\u00bb4.25.0&Prime; header_font=\u00a0\u00bbTitillium Web|600|||||||\u00a0\u00bb header_line_height=\u00a0\u00bb1.3em\u00a0\u00bb body_font=\u00a0\u00bb||||||||\u00a0\u00bb body_line_height=\u00a0\u00bb2em\u00a0\u00bb pagination_font=\u00a0\u00bbTitillium Web|600||on|||||\u00a0\u00bb pagination_text_color=\u00a0\u00bb#ffffff\u00a0\u00bb pagination_font_size=\u00a0\u00bb20px\u00a0\u00bb pagination_letter_spacing=\u00a0\u00bb2px\u00a0\u00bb border_color_all=\u00a0\u00bb#ffffff\u00a0\u00bb box_shadow_style=\u00a0\u00bbpreset1&Prime; box_shadow_blur=\u00a0\u00bb60px\u00a0\u00bb box_shadow_color=\u00a0\u00bbrgba(60,60,200,0.4)\u00a0\u00bb global_colors_info=\u00a0\u00bb{}\u00a0\u00bb][\/et_pb_blog][\/et_pb_column][\/et_pb_row][\/et_pb_section]\n","protected":false},"excerpt":{"rendered":"","protected":false},"author":1,"featured_media":0,"parent":0,"menu_order":0,"comment_status":"closed","ping_status":"closed","template":"","meta":{"_et_pb_use_builder":"on","_et_pb_old_content":"","_et_gb_content_width":"","footnotes":""},"class_list":["post-843","page","type-page","status-publish","hentry"],"yoast_head":"<!-- This site is optimized with the Yoast SEO plugin v27.5 - https:\/\/yoast.com\/product\/yoast-seo-wordpress\/ -->\n<title>Blog - COLLOT ELASTOMERES<\/title>\n<meta name=\"description\" content=\"caoutchouc ; mousses ; transformation ; refente ; plaques ; rouleaux\" \/>\n<meta name=\"robots\" content=\"index, follow, max-snippet:-1, max-image-preview:large, max-video-preview:-1\" \/>\n<link rel=\"canonical\" href=\"https:\/\/collot-elastomeres.com\/en\/blog\/\" \/>\n<meta property=\"og:locale\" content=\"en_GB\" \/>\n<meta property=\"og:type\" content=\"article\" \/>\n<meta property=\"og:title\" content=\"Blog - COLLOT ELASTOMERES\" \/>\n<meta property=\"og:description\" content=\"caoutchouc ; mousses ; transformation ; refente ; plaques ; rouleaux\" \/>\n<meta property=\"og:url\" content=\"https:\/\/collot-elastomeres.com\/en\/blog\/\" \/>\n<meta property=\"og:site_name\" content=\"COLLOT ELASTOMERES\" \/>\n<meta property=\"article:modified_time\" content=\"2025-05-21T07:34:23+00:00\" \/>\n<meta property=\"og:image\" content=\"https:\/\/collot-elastomeres.com\/wp-content\/uploads\/2022\/05\/Usine1.jpg\" \/>\n\t<meta property=\"og:image:width\" content=\"1920\" \/>\n\t<meta property=\"og:image:height\" content=\"711\" \/>\n\t<meta property=\"og:image:type\" content=\"image\/jpeg\" \/>\n<meta name=\"twitter:card\" content=\"summary_large_image\" \/>\n<meta name=\"twitter:label1\" content=\"Estimated reading time\" \/>\n\t<meta name=\"twitter:data1\" content=\"10 minutes\" \/>\n<script type=\"application\/ld+json\" class=\"yoast-schema-graph\">{\"@context\":\"https:\\\/\\\/schema.org\",\"@graph\":[{\"@type\":\"WebPage\",\"@id\":\"https:\\\/\\\/collot-elastomeres.com\\\/blog\",\"url\":\"https:\\\/\\\/collot-elastomeres.com\\\/blog\",\"name\":\"Blog - COLLOT ELASTOMERES\",\"isPartOf\":{\"@id\":\"https:\\\/\\\/collot-elastomeres.com\\\/#website\"},\"datePublished\":\"2024-04-30T11:23:16+00:00\",\"dateModified\":\"2025-05-21T07:34:23+00:00\",\"description\":\"caoutchouc ; mousses ; transformation ; refente ; plaques ; rouleaux\",\"breadcrumb\":{\"@id\":\"https:\\\/\\\/collot-elastomeres.com\\\/blog#breadcrumb\"},\"inLanguage\":\"en-GB\",\"potentialAction\":[{\"@type\":\"ReadAction\",\"target\":[\"https:\\\/\\\/collot-elastomeres.com\\\/blog\"]}]},{\"@type\":\"BreadcrumbList\",\"@id\":\"https:\\\/\\\/collot-elastomeres.com\\\/blog#breadcrumb\",\"itemListElement\":[{\"@type\":\"ListItem\",\"position\":1,\"name\":\"Accueil\",\"item\":\"https:\\\/\\\/collot-elastomeres.com\\\/\"},{\"@type\":\"ListItem\",\"position\":2,\"name\":\"Blog\"}]},{\"@type\":\"WebSite\",\"@id\":\"https:\\\/\\\/collot-elastomeres.com\\\/#website\",\"url\":\"https:\\\/\\\/collot-elastomeres.com\\\/\",\"name\":\"COLLOT ELASTOMERES\",\"description\":\"Isolation et traitement acoustique, Isolation thermique, \u00c9tanch\u00e9it\u00e9, Protections\",\"publisher\":{\"@id\":\"https:\\\/\\\/collot-elastomeres.com\\\/#organization\"},\"potentialAction\":[{\"@type\":\"SearchAction\",\"target\":{\"@type\":\"EntryPoint\",\"urlTemplate\":\"https:\\\/\\\/collot-elastomeres.com\\\/?s={search_term_string}\"},\"query-input\":{\"@type\":\"PropertyValueSpecification\",\"valueRequired\":true,\"valueName\":\"search_term_string\"}}],\"inLanguage\":\"en-GB\"},{\"@type\":\"Organization\",\"@id\":\"https:\\\/\\\/collot-elastomeres.com\\\/#organization\",\"name\":\"COLLOT ELASTOMERES\",\"url\":\"https:\\\/\\\/collot-elastomeres.com\\\/\",\"logo\":{\"@type\":\"ImageObject\",\"inLanguage\":\"en-GB\",\"@id\":\"https:\\\/\\\/collot-elastomeres.com\\\/#\\\/schema\\\/logo\\\/image\\\/\",\"url\":\"http:\\\/\\\/collot-elastomeres.com\\\/wp-content\\\/uploads\\\/2022\\\/02\\\/Plaquette-COLLOT-2020_page-0001.jpg\",\"contentUrl\":\"http:\\\/\\\/collot-elastomeres.com\\\/wp-content\\\/uploads\\\/2022\\\/02\\\/Plaquette-COLLOT-2020_page-0001.jpg\",\"width\":485,\"height\":211,\"caption\":\"COLLOT ELASTOMERES\"},\"image\":{\"@id\":\"https:\\\/\\\/collot-elastomeres.com\\\/#\\\/schema\\\/logo\\\/image\\\/\"},\"sameAs\":[\"https:\\\/\\\/www.linkedin.com\\\/company\\\/collot-\u00e9lastom\u00e8res\"]}]}<\/script>\n<!-- \/ Yoast SEO plugin. -->","yoast_head_json":{"title":"Blog - COLLOT ELASTOMERES","description":"caoutchouc ; mousses ; transformation ; refente ; plaques ; rouleaux","robots":{"index":"index","follow":"follow","max-snippet":"max-snippet:-1","max-image-preview":"max-image-preview:large","max-video-preview":"max-video-preview:-1"},"canonical":"https:\/\/collot-elastomeres.com\/en\/blog\/","og_locale":"en_GB","og_type":"article","og_title":"Blog - COLLOT ELASTOMERES","og_description":"caoutchouc ; mousses ; transformation ; refente ; plaques ; rouleaux","og_url":"https:\/\/collot-elastomeres.com\/en\/blog\/","og_site_name":"COLLOT ELASTOMERES","article_modified_time":"2025-05-21T07:34:23+00:00","og_image":[{"width":1920,"height":711,"url":"https:\/\/collot-elastomeres.com\/wp-content\/uploads\/2022\/05\/Usine1.jpg","type":"image\/jpeg"}],"twitter_card":"summary_large_image","twitter_misc":{"Estimated reading time":"10 minutes"},"schema":{"@context":"https:\/\/schema.org","@graph":[{"@type":"WebPage","@id":"https:\/\/collot-elastomeres.com\/blog","url":"https:\/\/collot-elastomeres.com\/blog","name":"Blog - COLLOT ELASTOMERES","isPartOf":{"@id":"https:\/\/collot-elastomeres.com\/#website"},"datePublished":"2024-04-30T11:23:16+00:00","dateModified":"2025-05-21T07:34:23+00:00","description":"caoutchouc ; mousses ; transformation ; refente ; plaques ; rouleaux","breadcrumb":{"@id":"https:\/\/collot-elastomeres.com\/blog#breadcrumb"},"inLanguage":"en-GB","potentialAction":[{"@type":"ReadAction","target":["https:\/\/collot-elastomeres.com\/blog"]}]},{"@type":"BreadcrumbList","@id":"https:\/\/collot-elastomeres.com\/blog#breadcrumb","itemListElement":[{"@type":"ListItem","position":1,"name":"Accueil","item":"https:\/\/collot-elastomeres.com\/"},{"@type":"ListItem","position":2,"name":"Blog"}]},{"@type":"WebSite","@id":"https:\/\/collot-elastomeres.com\/#website","url":"https:\/\/collot-elastomeres.com\/","name":"COLLOT ELASTOMERES","description":"Isolation et traitement acoustique, Isolation thermique, \u00c9tanch\u00e9it\u00e9, Protections","publisher":{"@id":"https:\/\/collot-elastomeres.com\/#organization"},"potentialAction":[{"@type":"SearchAction","target":{"@type":"EntryPoint","urlTemplate":"https:\/\/collot-elastomeres.com\/?s={search_term_string}"},"query-input":{"@type":"PropertyValueSpecification","valueRequired":true,"valueName":"search_term_string"}}],"inLanguage":"en-GB"},{"@type":"Organization","@id":"https:\/\/collot-elastomeres.com\/#organization","name":"COLLOT ELASTOMERES","url":"https:\/\/collot-elastomeres.com\/","logo":{"@type":"ImageObject","inLanguage":"en-GB","@id":"https:\/\/collot-elastomeres.com\/#\/schema\/logo\/image\/","url":"http:\/\/collot-elastomeres.com\/wp-content\/uploads\/2022\/02\/Plaquette-COLLOT-2020_page-0001.jpg","contentUrl":"http:\/\/collot-elastomeres.com\/wp-content\/uploads\/2022\/02\/Plaquette-COLLOT-2020_page-0001.jpg","width":485,"height":211,"caption":"COLLOT ELASTOMERES"},"image":{"@id":"https:\/\/collot-elastomeres.com\/#\/schema\/logo\/image\/"},"sameAs":["https:\/\/www.linkedin.com\/company\/collot-\u00e9lastom\u00e8res"]}]}},"_links":{"self":[{"href":"https:\/\/collot-elastomeres.com\/en\/wp-json\/wp\/v2\/pages\/843","targetHints":{"allow":["GET"]}}],"collection":[{"href":"https:\/\/collot-elastomeres.com\/en\/wp-json\/wp\/v2\/pages"}],"about":[{"href":"https:\/\/collot-elastomeres.com\/en\/wp-json\/wp\/v2\/types\/page"}],"author":[{"embeddable":true,"href":"https:\/\/collot-elastomeres.com\/en\/wp-json\/wp\/v2\/users\/1"}],"replies":[{"embeddable":true,"href":"https:\/\/collot-elastomeres.com\/en\/wp-json\/wp\/v2\/comments?post=843"}],"version-history":[{"count":0,"href":"https:\/\/collot-elastomeres.com\/en\/wp-json\/wp\/v2\/pages\/843\/revisions"}],"wp:attachment":[{"href":"https:\/\/collot-elastomeres.com\/en\/wp-json\/wp\/v2\/media?parent=843"}],"curies":[{"name":"wp","href":"https:\/\/api.w.org\/{rel}","templated":true}]}}