{"id":65,"date":"2022-04-08T13:06:22","date_gmt":"2022-04-08T13:06:22","guid":{"rendered":"https:\/\/collot-elastomeres.com\/?page_id=65"},"modified":"2025-05-21T07:55:00","modified_gmt":"2025-05-21T07:55:00","slug":"moyens-et-materiaux","status":"publish","type":"page","link":"https:\/\/collot-elastomeres.com\/en\/moyens-et-materiaux","title":{"rendered":"Resources and materials"},"content":{"rendered":"\n[et_pb_section fb_built=\u00a0\u00bb1&Prime; theme_builder_area=\u00a0\u00bbpost_content\u00a0\u00bb _builder_version=\u00a0\u00bb4.17.4&Prime; _module_preset=\u00a0\u00bbdefault\u00a0\u00bb][et_pb_row use_custom_gutter=\u00a0\u00bbon\u00a0\u00bb gutter_width=\u00a0\u00bb1&Prime; _builder_version=\u00a0\u00bb4.17.0&Prime; _module_preset=\u00a0\u00bbdefault\u00a0\u00bb width=\u00a0\u00bb100%\u00a0\u00bb max_width=\u00a0\u00bb1627px\u00a0\u00bb custom_margin=\u00a0\u00bb-74px|auto||auto||\u00a0\u00bb custom_padding=\u00a0\u00bb||41px|||\u00a0\u00bb global_colors_info=\u00a0\u00bb{}\u00a0\u00bb locked=\u00a0\u00bboff\u00a0\u00bb theme_builder_area=\u00a0\u00bbpost_content\u00a0\u00bb][et_pb_column type=\u00a0\u00bb4_4&Prime; _builder_version=\u00a0\u00bb4.17.0&Prime; _module_preset=\u00a0\u00bbdefault\u00a0\u00bb global_colors_info=\u00a0\u00bb{}\u00a0\u00bb theme_builder_area=\u00a0\u00bbpost_content\u00a0\u00bb][et_pb_gallery gallery_ids=\u00a0\u00bb215,216,217,218,219,220,221,222&Prime; posts_number=\u00a0\u00bb8&Prime; show_title_and_caption=\u00a0\u00bboff\u00a0\u00bb show_pagination=\u00a0\u00bboff\u00a0\u00bb _builder_version=\u00a0\u00bb4.17.4&Prime; _module_preset=\u00a0\u00bbdefault\u00a0\u00bb module_alignment=\u00a0\u00bbcenter\u00a0\u00bb custom_padding=\u00a0\u00bb||3px|||\u00a0\u00bb hover_enabled=\u00a0\u00bb0&Prime; box_shadow_style_image=\u00a0\u00bbpreset2&Prime; global_colors_info=\u00a0\u00bb{}\u00a0\u00bb theme_builder_area=\u00a0\u00bbpost_content\u00a0\u00bb sticky_enabled=\u00a0\u00bb0&Prime;][\/et_pb_gallery][\/et_pb_column][\/et_pb_row][\/et_pb_section]\n","protected":false},"excerpt":{"rendered":"","protected":false},"author":1,"featured_media":0,"parent":0,"menu_order":0,"comment_status":"closed","ping_status":"closed","template":"","meta":{"_et_pb_use_builder":"on","_et_pb_old_content":"","_et_gb_content_width":"","footnotes":""},"class_list":["post-65","page","type-page","status-publish","hentry"],"yoast_head":"<!-- This site is optimized with the Yoast SEO plugin v27.5 - https:\/\/yoast.com\/product\/yoast-seo-wordpress\/ -->\n<title>Moyens et mat\u00e9riaux - COLLOT ELASTOMERES<\/title>\n<meta name=\"description\" content=\"trancheuse Baumer, machines d\u00e9coupe mousse, mat\u00e9riel d\u00e9coupe caoutchouc, \u00e9quipements industriels, d\u00e9coupe contours, refente, d\u00e9coupe bande, lamination, thermocollage, tron\u00e7onnage, presse\" \/>\n<meta name=\"robots\" content=\"index, follow, max-snippet:-1, max-image-preview:large, max-video-preview:-1\" \/>\n<link rel=\"canonical\" href=\"https:\/\/collot-elastomeres.com\/en\/moyens-et-materiaux\/\" \/>\n<meta property=\"og:locale\" content=\"en_GB\" \/>\n<meta property=\"og:type\" content=\"article\" \/>\n<meta property=\"og:title\" content=\"Moyens et mat\u00e9riaux - COLLOT ELASTOMERES\" \/>\n<meta property=\"og:description\" content=\"trancheuse Baumer, machines d\u00e9coupe mousse, mat\u00e9riel d\u00e9coupe caoutchouc, \u00e9quipements industriels, d\u00e9coupe contours, refente, d\u00e9coupe bande, lamination, thermocollage, tron\u00e7onnage, presse\" \/>\n<meta property=\"og:url\" content=\"https:\/\/collot-elastomeres.com\/en\/moyens-et-materiaux\/\" \/>\n<meta property=\"og:site_name\" content=\"COLLOT ELASTOMERES\" \/>\n<meta property=\"article:modified_time\" content=\"2025-05-21T07:55:00+00:00\" \/>\n<meta property=\"og:image\" content=\"https:\/\/collot-elastomeres.com\/wp-content\/uploads\/2022\/05\/Usine1.jpg\" \/>\n\t<meta property=\"og:image:width\" content=\"1920\" \/>\n\t<meta property=\"og:image:height\" content=\"711\" \/>\n\t<meta property=\"og:image:type\" content=\"image\/jpeg\" \/>\n<meta name=\"twitter:card\" content=\"summary_large_image\" \/>\n<meta name=\"twitter:label1\" content=\"Estimated reading time\" \/>\n\t<meta name=\"twitter:data1\" content=\"2 minutes\" \/>\n<script type=\"application\/ld+json\" class=\"yoast-schema-graph\">{\"@context\":\"https:\\\/\\\/schema.org\",\"@graph\":[{\"@type\":\"WebPage\",\"@id\":\"https:\\\/\\\/collot-elastomeres.com\\\/moyens-et-materiaux\",\"url\":\"https:\\\/\\\/collot-elastomeres.com\\\/moyens-et-materiaux\",\"name\":\"Moyens et mat\u00e9riaux - COLLOT ELASTOMERES\",\"isPartOf\":{\"@id\":\"https:\\\/\\\/collot-elastomeres.com\\\/#website\"},\"datePublished\":\"2022-04-08T13:06:22+00:00\",\"dateModified\":\"2025-05-21T07:55:00+00:00\",\"description\":\"trancheuse Baumer, machines d\u00e9coupe mousse, mat\u00e9riel d\u00e9coupe caoutchouc, \u00e9quipements industriels, d\u00e9coupe contours, refente, d\u00e9coupe bande, lamination, thermocollage, tron\u00e7onnage, presse\",\"breadcrumb\":{\"@id\":\"https:\\\/\\\/collot-elastomeres.com\\\/moyens-et-materiaux#breadcrumb\"},\"inLanguage\":\"en-GB\",\"potentialAction\":[{\"@type\":\"ReadAction\",\"target\":[\"https:\\\/\\\/collot-elastomeres.com\\\/moyens-et-materiaux\"]}]},{\"@type\":\"BreadcrumbList\",\"@id\":\"https:\\\/\\\/collot-elastomeres.com\\\/moyens-et-materiaux#breadcrumb\",\"itemListElement\":[{\"@type\":\"ListItem\",\"position\":1,\"name\":\"Accueil\",\"item\":\"https:\\\/\\\/collot-elastomeres.com\\\/\"},{\"@type\":\"ListItem\",\"position\":2,\"name\":\"Moyens et mat\u00e9riaux\"}]},{\"@type\":\"WebSite\",\"@id\":\"https:\\\/\\\/collot-elastomeres.com\\\/#website\",\"url\":\"https:\\\/\\\/collot-elastomeres.com\\\/\",\"name\":\"COLLOT ELASTOMERES\",\"description\":\"Isolation et traitement acoustique, Isolation thermique, \u00c9tanch\u00e9it\u00e9, Protections\",\"publisher\":{\"@id\":\"https:\\\/\\\/collot-elastomeres.com\\\/#organization\"},\"potentialAction\":[{\"@type\":\"SearchAction\",\"target\":{\"@type\":\"EntryPoint\",\"urlTemplate\":\"https:\\\/\\\/collot-elastomeres.com\\\/?s={search_term_string}\"},\"query-input\":{\"@type\":\"PropertyValueSpecification\",\"valueRequired\":true,\"valueName\":\"search_term_string\"}}],\"inLanguage\":\"en-GB\"},{\"@type\":\"Organization\",\"@id\":\"https:\\\/\\\/collot-elastomeres.com\\\/#organization\",\"name\":\"COLLOT ELASTOMERES\",\"url\":\"https:\\\/\\\/collot-elastomeres.com\\\/\",\"logo\":{\"@type\":\"ImageObject\",\"inLanguage\":\"en-GB\",\"@id\":\"https:\\\/\\\/collot-elastomeres.com\\\/#\\\/schema\\\/logo\\\/image\\\/\",\"url\":\"http:\\\/\\\/collot-elastomeres.com\\\/wp-content\\\/uploads\\\/2022\\\/02\\\/Plaquette-COLLOT-2020_page-0001.jpg\",\"contentUrl\":\"http:\\\/\\\/collot-elastomeres.com\\\/wp-content\\\/uploads\\\/2022\\\/02\\\/Plaquette-COLLOT-2020_page-0001.jpg\",\"width\":485,\"height\":211,\"caption\":\"COLLOT ELASTOMERES\"},\"image\":{\"@id\":\"https:\\\/\\\/collot-elastomeres.com\\\/#\\\/schema\\\/logo\\\/image\\\/\"},\"sameAs\":[\"https:\\\/\\\/www.linkedin.com\\\/company\\\/collot-\u00e9lastom\u00e8res\"]}]}<\/script>\n<!-- \/ Yoast SEO plugin. -->","yoast_head_json":{"title":"Moyens et mat\u00e9riaux - COLLOT ELASTOMERES","description":"trancheuse Baumer, machines d\u00e9coupe mousse, mat\u00e9riel d\u00e9coupe caoutchouc, \u00e9quipements industriels, d\u00e9coupe contours, refente, d\u00e9coupe bande, lamination, thermocollage, tron\u00e7onnage, presse","robots":{"index":"index","follow":"follow","max-snippet":"max-snippet:-1","max-image-preview":"max-image-preview:large","max-video-preview":"max-video-preview:-1"},"canonical":"https:\/\/collot-elastomeres.com\/en\/moyens-et-materiaux\/","og_locale":"en_GB","og_type":"article","og_title":"Moyens et mat\u00e9riaux - COLLOT ELASTOMERES","og_description":"trancheuse Baumer, machines d\u00e9coupe mousse, mat\u00e9riel d\u00e9coupe caoutchouc, \u00e9quipements industriels, d\u00e9coupe contours, refente, d\u00e9coupe bande, lamination, thermocollage, tron\u00e7onnage, presse","og_url":"https:\/\/collot-elastomeres.com\/en\/moyens-et-materiaux\/","og_site_name":"COLLOT ELASTOMERES","article_modified_time":"2025-05-21T07:55:00+00:00","og_image":[{"width":1920,"height":711,"url":"https:\/\/collot-elastomeres.com\/wp-content\/uploads\/2022\/05\/Usine1.jpg","type":"image\/jpeg"}],"twitter_card":"summary_large_image","twitter_misc":{"Estimated reading time":"2 minutes"},"schema":{"@context":"https:\/\/schema.org","@graph":[{"@type":"WebPage","@id":"https:\/\/collot-elastomeres.com\/moyens-et-materiaux","url":"https:\/\/collot-elastomeres.com\/moyens-et-materiaux","name":"Moyens et mat\u00e9riaux - COLLOT ELASTOMERES","isPartOf":{"@id":"https:\/\/collot-elastomeres.com\/#website"},"datePublished":"2022-04-08T13:06:22+00:00","dateModified":"2025-05-21T07:55:00+00:00","description":"trancheuse Baumer, machines d\u00e9coupe mousse, mat\u00e9riel d\u00e9coupe caoutchouc, \u00e9quipements industriels, d\u00e9coupe contours, refente, d\u00e9coupe bande, lamination, thermocollage, tron\u00e7onnage, presse","breadcrumb":{"@id":"https:\/\/collot-elastomeres.com\/moyens-et-materiaux#breadcrumb"},"inLanguage":"en-GB","potentialAction":[{"@type":"ReadAction","target":["https:\/\/collot-elastomeres.com\/moyens-et-materiaux"]}]},{"@type":"BreadcrumbList","@id":"https:\/\/collot-elastomeres.com\/moyens-et-materiaux#breadcrumb","itemListElement":[{"@type":"ListItem","position":1,"name":"Accueil","item":"https:\/\/collot-elastomeres.com\/"},{"@type":"ListItem","position":2,"name":"Moyens et mat\u00e9riaux"}]},{"@type":"WebSite","@id":"https:\/\/collot-elastomeres.com\/#website","url":"https:\/\/collot-elastomeres.com\/","name":"COLLOT ELASTOMERES","description":"Isolation et traitement acoustique, Isolation thermique, \u00c9tanch\u00e9it\u00e9, Protections","publisher":{"@id":"https:\/\/collot-elastomeres.com\/#organization"},"potentialAction":[{"@type":"SearchAction","target":{"@type":"EntryPoint","urlTemplate":"https:\/\/collot-elastomeres.com\/?s={search_term_string}"},"query-input":{"@type":"PropertyValueSpecification","valueRequired":true,"valueName":"search_term_string"}}],"inLanguage":"en-GB"},{"@type":"Organization","@id":"https:\/\/collot-elastomeres.com\/#organization","name":"COLLOT ELASTOMERES","url":"https:\/\/collot-elastomeres.com\/","logo":{"@type":"ImageObject","inLanguage":"en-GB","@id":"https:\/\/collot-elastomeres.com\/#\/schema\/logo\/image\/","url":"http:\/\/collot-elastomeres.com\/wp-content\/uploads\/2022\/02\/Plaquette-COLLOT-2020_page-0001.jpg","contentUrl":"http:\/\/collot-elastomeres.com\/wp-content\/uploads\/2022\/02\/Plaquette-COLLOT-2020_page-0001.jpg","width":485,"height":211,"caption":"COLLOT ELASTOMERES"},"image":{"@id":"https:\/\/collot-elastomeres.com\/#\/schema\/logo\/image\/"},"sameAs":["https:\/\/www.linkedin.com\/company\/collot-\u00e9lastom\u00e8res"]}]}},"_links":{"self":[{"href":"https:\/\/collot-elastomeres.com\/en\/wp-json\/wp\/v2\/pages\/65","targetHints":{"allow":["GET"]}}],"collection":[{"href":"https:\/\/collot-elastomeres.com\/en\/wp-json\/wp\/v2\/pages"}],"about":[{"href":"https:\/\/collot-elastomeres.com\/en\/wp-json\/wp\/v2\/types\/page"}],"author":[{"embeddable":true,"href":"https:\/\/collot-elastomeres.com\/en\/wp-json\/wp\/v2\/users\/1"}],"replies":[{"embeddable":true,"href":"https:\/\/collot-elastomeres.com\/en\/wp-json\/wp\/v2\/comments?post=65"}],"version-history":[{"count":0,"href":"https:\/\/collot-elastomeres.com\/en\/wp-json\/wp\/v2\/pages\/65\/revisions"}],"wp:attachment":[{"href":"https:\/\/collot-elastomeres.com\/en\/wp-json\/wp\/v2\/media?parent=65"}],"curies":[{"name":"wp","href":"https:\/\/api.w.org\/{rel}","templated":true}]}}